{"id":1270,"date":"2024-01-10T14:36:14","date_gmt":"2024-01-10T11:36:14","guid":{"rendered":"https:\/\/pakelgida.com\/ads\/?page_id=1270"},"modified":"2024-01-12T08:16:57","modified_gmt":"2024-01-12T05:16:57","slug":"kidzi","status":"publish","type":"page","link":"https:\/\/pakelgida.com\/ads\/brands\/kidzi\/","title":{"rendered":"Kidzi"},"content":{"rendered":"\t\t<div data-elementor-type=\"wp-page\" data-elementor-id=\"1270\" class=\"elementor elementor-1270\">\n\t\t\t\t\t\t<section data-particle_enable=\"false\" data-particle-mobile-disabled=\"false\" class=\"elementor-section elementor-top-section elementor-element elementor-element-2caa14c elementor-section-stretched elementor-section-full_width elementor-section-height-default elementor-section-height-default\" data-id=\"2caa14c\" data-element_type=\"section\" data-settings=\"{&quot;stretch_section&quot;:&quot;section-stretched&quot;,&quot;shape_divider_bottom&quot;:&quot;curve&quot;,&quot;shape_divider_bottom_negative&quot;:&quot;yes&quot;}\">\n\t\t\t\t\t<div class=\"elementor-shape elementor-shape-bottom\" data-negative=\"true\">\n\t\t\t<svg xmlns=\"http:\/\/www.w3.org\/2000\/svg\" viewBox=\"0 0 1000 100\" preserveAspectRatio=\"none\">\n\t<path class=\"elementor-shape-fill\" d=\"M500,97C126.7,96.3,0.8,19.8,0,0v100l1000,0V1C1000,19.4,873.3,97.8,500,97z\"\/>\n<\/svg>\t\t<\/div>\n\t\t\t\t\t<div class=\"elementor-container elementor-column-gap-default\">\n\t\t\t\t\t<div class=\"elementor-column elementor-col-100 elementor-top-column elementor-element elementor-element-6237fc5\" data-id=\"6237fc5\" data-element_type=\"column\">\n\t\t\t<div class=\"elementor-widget-wrap elementor-element-populated\">\n\t\t\t\t\t\t<div class=\"elementor-element elementor-element-2430dd0 elementor-widget elementor-widget-slider_revolution\" data-id=\"2430dd0\" data-element_type=\"widget\" data-widget_type=\"slider_revolution.default\">\n\t\t\t\t<div class=\"elementor-widget-container\">\n\t\t\t\n\t\t<div class=\"wp-block-themepunch-revslider\">\n\t\t\t<!-- START kidzi REVOLUTION SLIDER 6.6.18 --><p class=\"rs-p-wp-fix\"><\/p>\n\t\t\t<rs-module-wrap id=\"rev_slider_3_1_wrapper\" data-source=\"gallery\" style=\"visibility:hidden;background:transparent;padding:0;margin:0px auto;margin-top:0;margin-bottom:0;\">\n\t\t\t\t<rs-module id=\"rev_slider_3_1\" style=\"\" data-version=\"6.6.18\">\n\t\t\t\t\t<rs-slides style=\"overflow: hidden; position: absolute;\">\n\t\t\t\t\t\t<rs-slide style=\"position: absolute;\" data-key=\"rs-5\" data-title=\"Slide\" data-in=\"o:0;\" data-out=\"a:false;\">\n\t\t\t\t\t\t\t<img fetchpriority=\"high\" decoding=\"async\" src=\"\/\/pakelgida.com\/ads\/wp-content\/plugins\/revslider\/public\/assets\/assets\/dummy.png\" alt=\"\" title=\"1 (2)\" width=\"1920\" height=\"808\" class=\"rev-slidebg tp-rs-img rs-lazyload\" data-lazyload=\"\/\/pakelgida.com\/ads\/wp-content\/uploads\/2024\/01\/1-2.png\" data-no-retina>\n<!---->\t\t\t\t\t\t<\/rs-slide>\n\t\t\t\t\t<\/rs-slides>\n\t\t\t\t\t<rs-static-layers><!--\n\t\t\t\t\t--><\/rs-static-layers>\n\t\t\t\t<\/rs-module>\n\t\t\t\t<script>\n\t\t\t\t\tsetREVStartSize({c: 'rev_slider_3_1',rl:[1240,1240,778,778],el:[800,800,650,650],gw:[1920,1920,778,778],gh:[800,800,650,650],type:'standard',justify:'',layout:'fullwidth',mh:\"0\"});if (window.RS_MODULES!==undefined && window.RS_MODULES.modules!==undefined && window.RS_MODULES.modules[\"revslider31\"]!==undefined) {window.RS_MODULES.modules[\"revslider31\"].once = false;window.revapi3 = undefined;if (window.RS_MODULES.checkMinimal!==undefined) window.RS_MODULES.checkMinimal()}\n\t\t\t\t<\/script>\n\t\t\t<\/rs-module-wrap>\n\t\t\t<!-- END REVOLUTION SLIDER -->\n<\/div>\n\n\t\t\t\t<\/div>\n\t\t\t\t<\/div>\n\t\t\t\t\t<\/div>\n\t\t<\/div>\n\t\t\t\t\t<\/div>\n\t\t<\/section>\n\t\t<div data-particle_enable=\"false\" data-particle-mobile-disabled=\"false\" class=\"elementor-element elementor-element-cf09fff e-flex e-con-boxed e-con e-parent\" data-id=\"cf09fff\" data-element_type=\"container\" data-core-v316-plus=\"true\">\n\t\t\t\t\t<div class=\"e-con-inner\">\n\t\t<div data-particle_enable=\"false\" data-particle-mobile-disabled=\"false\" class=\"elementor-element elementor-element-ebd0e82 e-con-full e-flex e-con e-child\" data-id=\"ebd0e82\" data-element_type=\"container\">\n\t\t\t\t<div class=\"elementor-element elementor-element-d7a211e elementor-widget elementor-widget-image\" data-id=\"d7a211e\" data-element_type=\"widget\" data-widget_type=\"image.default\">\n\t\t\t\t<div class=\"elementor-widget-container\">\n\t\t\t<style>\/*! elementor - v3.20.0 - 26-03-2024 *\/\n.elementor-widget-image{text-align:center}.elementor-widget-image a{display:inline-block}.elementor-widget-image a img[src$=\".svg\"]{width:48px}.elementor-widget-image img{vertical-align:middle;display:inline-block}<\/style>\t\t\t\t\t\t\t\t\t\t\t<a href=\"https:\/\/pakelgida.com\/ads\/brands\/kidzi\/kidzi-cornet\/\">\n\t\t\t\t\t\t\t<img decoding=\"async\" width=\"675\" height=\"640\" src=\"https:\/\/pakelgida.com\/ads\/wp-content\/uploads\/2024\/01\/Katman-141.png\" class=\"elementor-animation-grow attachment-full size-full wp-image-1678\" alt=\"\" srcset=\"https:\/\/pakelgida.com\/ads\/wp-content\/uploads\/2024\/01\/Katman-141.png 675w, https:\/\/pakelgida.com\/ads\/wp-content\/uploads\/2024\/01\/Katman-141-500x474.png 500w, https:\/\/pakelgida.com\/ads\/wp-content\/uploads\/2024\/01\/Katman-141-300x284.png 300w, https:\/\/pakelgida.com\/ads\/wp-content\/uploads\/2024\/01\/Katman-141-79x75.png 79w, https:\/\/pakelgida.com\/ads\/wp-content\/uploads\/2024\/01\/Katman-141-480x455.png 480w\" sizes=\"(max-width:767px) 480px, 675px\" \/>\t\t\t\t\t\t\t\t<\/a>\n\t\t\t\t\t\t\t\t\t\t\t\t\t<\/div>\n\t\t\t\t<\/div>\n\t\t\t\t<div class=\"elementor-element elementor-element-d0a799d elementor-widget__width-initial elementor-widget elementor-widget-heading\" data-id=\"d0a799d\" data-element_type=\"widget\" data-widget_type=\"heading.default\">\n\t\t\t\t<div class=\"elementor-widget-container\">\n\t\t\t<style>\/*! elementor - v3.20.0 - 26-03-2024 *\/\n.elementor-heading-title{padding:0;margin:0;line-height:1}.elementor-widget-heading .elementor-heading-title[class*=elementor-size-]>a{color:inherit;font-size:inherit;line-height:inherit}.elementor-widget-heading .elementor-heading-title.elementor-size-small{font-size:15px}.elementor-widget-heading .elementor-heading-title.elementor-size-medium{font-size:19px}.elementor-widget-heading .elementor-heading-title.elementor-size-large{font-size:29px}.elementor-widget-heading .elementor-heading-title.elementor-size-xl{font-size:39px}.elementor-widget-heading .elementor-heading-title.elementor-size-xxl{font-size:59px}<\/style><h2 class=\"elementor-heading-title elementor-size-default\"><a href=\"https:\/\/pakelgida.com\/ads\/brands\/kidzi\/kidzi-cornet\/\">Kidzi Cornet<\/a><\/h2>\t\t<\/div>\n\t\t\t\t<\/div>\n\t\t\t\t<\/div>\n\t\t<div data-particle_enable=\"false\" data-particle-mobile-disabled=\"false\" class=\"elementor-element elementor-element-ef681ad e-con-full e-flex e-con e-child\" data-id=\"ef681ad\" data-element_type=\"container\">\n\t\t\t\t<div class=\"elementor-element elementor-element-27113d3 elementor-widget elementor-widget-image\" data-id=\"27113d3\" data-element_type=\"widget\" data-widget_type=\"image.default\">\n\t\t\t\t<div class=\"elementor-widget-container\">\n\t\t\t\t\t\t\t\t\t\t\t\t\t\t<a href=\"https:\/\/pakelgida.com\/ads\/brands\/kidzi\/kidzi-umbrella\/\">\n\t\t\t\t\t\t\t<img decoding=\"async\" width=\"675\" height=\"640\" src=\"https:\/\/pakelgida.com\/ads\/wp-content\/uploads\/2024\/01\/Katman-161.png\" class=\"elementor-animation-grow attachment-full size-full wp-image-1679\" alt=\"\" srcset=\"https:\/\/pakelgida.com\/ads\/wp-content\/uploads\/2024\/01\/Katman-161.png 675w, https:\/\/pakelgida.com\/ads\/wp-content\/uploads\/2024\/01\/Katman-161-500x474.png 500w, https:\/\/pakelgida.com\/ads\/wp-content\/uploads\/2024\/01\/Katman-161-300x284.png 300w, https:\/\/pakelgida.com\/ads\/wp-content\/uploads\/2024\/01\/Katman-161-79x75.png 79w, https:\/\/pakelgida.com\/ads\/wp-content\/uploads\/2024\/01\/Katman-161-480x455.png 480w\" sizes=\"(max-width:767px) 480px, 675px\" \/>\t\t\t\t\t\t\t\t<\/a>\n\t\t\t\t\t\t\t\t\t\t\t\t\t<\/div>\n\t\t\t\t<\/div>\n\t\t\t\t<div class=\"elementor-element elementor-element-2628a9d elementor-widget__width-initial elementor-widget elementor-widget-heading\" data-id=\"2628a9d\" data-element_type=\"widget\" data-widget_type=\"heading.default\">\n\t\t\t\t<div class=\"elementor-widget-container\">\n\t\t\t<h2 class=\"elementor-heading-title elementor-size-default\"><a href=\"https:\/\/pakelgida.com\/ads\/brands\/kidzi\/kidzi-umbrella\/\">Kidzi Umbrella<\/a><\/h2>\t\t<\/div>\n\t\t\t\t<\/div>\n\t\t\t\t<\/div>\n\t\t<div data-particle_enable=\"false\" data-particle-mobile-disabled=\"false\" class=\"elementor-element elementor-element-0e68f76 e-con-full e-flex e-con e-child\" data-id=\"0e68f76\" data-element_type=\"container\">\n\t\t\t\t<div class=\"elementor-element elementor-element-1d46075 elementor-widget elementor-widget-image\" data-id=\"1d46075\" data-element_type=\"widget\" data-widget_type=\"image.default\">\n\t\t\t\t<div class=\"elementor-widget-container\">\n\t\t\t\t\t\t\t\t\t\t\t\t\t\t<a href=\"https:\/\/pakelgida.com\/ads\/brands\/kidzi\/kidzi-buscho\/\">\n\t\t\t\t\t\t\t<img loading=\"lazy\" decoding=\"async\" width=\"675\" height=\"640\" src=\"https:\/\/pakelgida.com\/ads\/wp-content\/uploads\/2024\/01\/Katman-171.png\" class=\"elementor-animation-grow attachment-full size-full wp-image-1680\" alt=\"\" srcset=\"https:\/\/pakelgida.com\/ads\/wp-content\/uploads\/2024\/01\/Katman-171.png 675w, https:\/\/pakelgida.com\/ads\/wp-content\/uploads\/2024\/01\/Katman-171-500x474.png 500w, https:\/\/pakelgida.com\/ads\/wp-content\/uploads\/2024\/01\/Katman-171-300x284.png 300w, https:\/\/pakelgida.com\/ads\/wp-content\/uploads\/2024\/01\/Katman-171-79x75.png 79w, https:\/\/pakelgida.com\/ads\/wp-content\/uploads\/2024\/01\/Katman-171-480x455.png 480w\" sizes=\"(max-width:767px) 480px, 675px\" \/>\t\t\t\t\t\t\t\t<\/a>\n\t\t\t\t\t\t\t\t\t\t\t\t\t<\/div>\n\t\t\t\t<\/div>\n\t\t\t\t<div class=\"elementor-element elementor-element-4c1528b elementor-widget__width-initial elementor-widget elementor-widget-heading\" data-id=\"4c1528b\" data-element_type=\"widget\" data-widget_type=\"heading.default\">\n\t\t\t\t<div class=\"elementor-widget-container\">\n\t\t\t<h2 class=\"elementor-heading-title elementor-size-default\"><a href=\"https:\/\/pakelgida.com\/ads\/brands\/kidzi\/kidzi-buscho\/\">Kidzi Buscho<\/a><\/h2>\t\t<\/div>\n\t\t\t\t<\/div>\n\t\t\t\t<\/div>\n\t\t\t\t\t<\/div>\n\t\t\t\t<\/div>\n\t\t<div data-particle_enable=\"false\" data-particle-mobile-disabled=\"false\" class=\"elementor-element elementor-element-a9b4f70 e-flex e-con-boxed e-con e-parent\" data-id=\"a9b4f70\" data-element_type=\"container\" data-core-v316-plus=\"true\">\n\t\t\t\t\t<div class=\"e-con-inner\">\n\t\t<div data-particle_enable=\"false\" data-particle-mobile-disabled=\"false\" class=\"elementor-element elementor-element-48c5807 e-con-full e-flex e-con e-child\" data-id=\"48c5807\" data-element_type=\"container\">\n\t\t\t\t<div class=\"elementor-element elementor-element-6427430 elementor-widget elementor-widget-image\" data-id=\"6427430\" data-element_type=\"widget\" data-widget_type=\"image.default\">\n\t\t\t\t<div class=\"elementor-widget-container\">\n\t\t\t\t\t\t\t\t\t\t\t\t\t\t<a href=\"https:\/\/pakelgida.com\/ads\/brands\/kidzi\/kidzi-surpriz-yumurta\/\">\n\t\t\t\t\t\t\t<img loading=\"lazy\" decoding=\"async\" width=\"675\" height=\"640\" src=\"https:\/\/pakelgida.com\/ads\/wp-content\/uploads\/2024\/01\/Ekran-Resmi-2024-01-05-10.09.031.png\" class=\"elementor-animation-grow attachment-full size-full wp-image-1681\" alt=\"\" srcset=\"https:\/\/pakelgida.com\/ads\/wp-content\/uploads\/2024\/01\/Ekran-Resmi-2024-01-05-10.09.031.png 675w, https:\/\/pakelgida.com\/ads\/wp-content\/uploads\/2024\/01\/Ekran-Resmi-2024-01-05-10.09.031-500x474.png 500w, https:\/\/pakelgida.com\/ads\/wp-content\/uploads\/2024\/01\/Ekran-Resmi-2024-01-05-10.09.031-300x284.png 300w, https:\/\/pakelgida.com\/ads\/wp-content\/uploads\/2024\/01\/Ekran-Resmi-2024-01-05-10.09.031-79x75.png 79w, https:\/\/pakelgida.com\/ads\/wp-content\/uploads\/2024\/01\/Ekran-Resmi-2024-01-05-10.09.031-480x455.png 480w\" sizes=\"(max-width:767px) 480px, 675px\" \/>\t\t\t\t\t\t\t\t<\/a>\n\t\t\t\t\t\t\t\t\t\t\t\t\t<\/div>\n\t\t\t\t<\/div>\n\t\t\t\t<div class=\"elementor-element elementor-element-c0f999d elementor-widget__width-initial elementor-widget elementor-widget-heading\" data-id=\"c0f999d\" data-element_type=\"widget\" data-widget_type=\"heading.default\">\n\t\t\t\t<div class=\"elementor-widget-container\">\n\t\t\t<h2 class=\"elementor-heading-title elementor-size-default\"><a href=\"https:\/\/pakelgida.com\/ads\/brands\/kidzi\/kidzi-surpriz-yumurta\/\">Kidzi S\u00fcrpriz Yumurta<\/a><\/h2>\t\t<\/div>\n\t\t\t\t<\/div>\n\t\t\t\t<\/div>\n\t\t<div data-particle_enable=\"false\" data-particle-mobile-disabled=\"false\" class=\"elementor-element elementor-element-cf5890d e-con-full e-flex e-con e-child\" data-id=\"cf5890d\" data-element_type=\"container\">\n\t\t\t\t<div class=\"elementor-element elementor-element-b004b37 elementor-widget elementor-widget-image\" data-id=\"b004b37\" data-element_type=\"widget\" data-widget_type=\"image.default\">\n\t\t\t\t<div class=\"elementor-widget-container\">\n\t\t\t\t\t\t\t\t\t\t\t\t\t\t<a href=\"https:\/\/pakelgida.com\/ads\/brands\/kidzi\/kidzi-cakilata\/\">\n\t\t\t\t\t\t\t<img loading=\"lazy\" decoding=\"async\" width=\"675\" height=\"640\" src=\"https:\/\/pakelgida.com\/ads\/wp-content\/uploads\/2024\/01\/Katman-191.png\" class=\"elementor-animation-grow attachment-full size-full wp-image-1682\" alt=\"\" srcset=\"https:\/\/pakelgida.com\/ads\/wp-content\/uploads\/2024\/01\/Katman-191.png 675w, https:\/\/pakelgida.com\/ads\/wp-content\/uploads\/2024\/01\/Katman-191-500x474.png 500w, https:\/\/pakelgida.com\/ads\/wp-content\/uploads\/2024\/01\/Katman-191-300x284.png 300w, https:\/\/pakelgida.com\/ads\/wp-content\/uploads\/2024\/01\/Katman-191-79x75.png 79w, https:\/\/pakelgida.com\/ads\/wp-content\/uploads\/2024\/01\/Katman-191-480x455.png 480w\" sizes=\"(max-width:767px) 480px, 675px\" \/>\t\t\t\t\t\t\t\t<\/a>\n\t\t\t\t\t\t\t\t\t\t\t\t\t<\/div>\n\t\t\t\t<\/div>\n\t\t\t\t<div class=\"elementor-element elementor-element-f064a51 elementor-widget__width-initial elementor-widget elementor-widget-heading\" data-id=\"f064a51\" data-element_type=\"widget\" data-widget_type=\"heading.default\">\n\t\t\t\t<div class=\"elementor-widget-container\">\n\t\t\t<h2 class=\"elementor-heading-title elementor-size-default\"><a href=\"https:\/\/pakelgida.com\/ads\/brands\/kidzi\/kidzi-cakilata\/\">Kidzi \u00c7ak\u0131lata<\/a><\/h2>\t\t<\/div>\n\t\t\t\t<\/div>\n\t\t\t\t<\/div>\n\t\t<div data-particle_enable=\"false\" data-particle-mobile-disabled=\"false\" class=\"elementor-element elementor-element-d3953d2 e-con-full e-flex e-con e-child\" data-id=\"d3953d2\" data-element_type=\"container\">\n\t\t\t\t<div class=\"elementor-element elementor-element-837de14 elementor-widget elementor-widget-image\" data-id=\"837de14\" data-element_type=\"widget\" data-widget_type=\"image.default\">\n\t\t\t\t<div class=\"elementor-widget-container\">\n\t\t\t\t\t\t\t\t\t\t\t\t\t\t<a href=\"https:\/\/pakelgida.com\/ads\/brands\/kidzi\/kidzi-drage\/\">\n\t\t\t\t\t\t\t<img loading=\"lazy\" decoding=\"async\" width=\"675\" height=\"640\" src=\"https:\/\/pakelgida.com\/ads\/wp-content\/uploads\/2024\/01\/Katman-181.png\" class=\"elementor-animation-grow attachment-full size-full wp-image-1683\" alt=\"\" srcset=\"https:\/\/pakelgida.com\/ads\/wp-content\/uploads\/2024\/01\/Katman-181.png 675w, https:\/\/pakelgida.com\/ads\/wp-content\/uploads\/2024\/01\/Katman-181-500x474.png 500w, https:\/\/pakelgida.com\/ads\/wp-content\/uploads\/2024\/01\/Katman-181-300x284.png 300w, https:\/\/pakelgida.com\/ads\/wp-content\/uploads\/2024\/01\/Katman-181-79x75.png 79w, https:\/\/pakelgida.com\/ads\/wp-content\/uploads\/2024\/01\/Katman-181-480x455.png 480w\" sizes=\"(max-width:767px) 480px, 675px\" \/>\t\t\t\t\t\t\t\t<\/a>\n\t\t\t\t\t\t\t\t\t\t\t\t\t<\/div>\n\t\t\t\t<\/div>\n\t\t\t\t<div class=\"elementor-element elementor-element-e81e677 elementor-widget__width-initial elementor-widget elementor-widget-heading\" data-id=\"e81e677\" data-element_type=\"widget\" data-widget_type=\"heading.default\">\n\t\t\t\t<div class=\"elementor-widget-container\">\n\t\t\t<h2 class=\"elementor-heading-title elementor-size-default\"><a href=\"https:\/\/pakelgida.com\/ads\/brands\/kidzi\/kidzi-drage\/\">Kidzi Drage<\/a><\/h2>\t\t<\/div>\n\t\t\t\t<\/div>\n\t\t\t\t<\/div>\n\t\t\t\t\t<\/div>\n\t\t\t\t<\/div>\n\t\t\t\t<\/div>\n\t\t","protected":false},"excerpt":{"rendered":"<p>Kidzi Cornet Kidzi Umbrella Kidzi Buscho Kidzi S\u00fcrpriz Yumurta Kidzi \u00c7ak\u0131lata Kidzi Drage<\/p>\n","protected":false},"author":1,"featured_media":0,"parent":15,"menu_order":0,"comment_status":"open","ping_status":"closed","template":"elementor_header_footer","meta":{"_joinchat":[],"footnotes":""},"class_list":["post-1270","page","type-page","status-publish","hentry"],"_links":{"self":[{"href":"https:\/\/pakelgida.com\/ads\/wp-json\/wp\/v2\/pages\/1270","targetHints":{"allow":["GET"]}}],"collection":[{"href":"https:\/\/pakelgida.com\/ads\/wp-json\/wp\/v2\/pages"}],"about":[{"href":"https:\/\/pakelgida.com\/ads\/wp-json\/wp\/v2\/types\/page"}],"author":[{"embeddable":true,"href":"https:\/\/pakelgida.com\/ads\/wp-json\/wp\/v2\/users\/1"}],"replies":[{"embeddable":true,"href":"https:\/\/pakelgida.com\/ads\/wp-json\/wp\/v2\/comments?post=1270"}],"version-history":[{"count":0,"href":"https:\/\/pakelgida.com\/ads\/wp-json\/wp\/v2\/pages\/1270\/revisions"}],"up":[{"embeddable":true,"href":"https:\/\/pakelgida.com\/ads\/wp-json\/wp\/v2\/pages\/15"}],"wp:attachment":[{"href":"https:\/\/pakelgida.com\/ads\/wp-json\/wp\/v2\/media?parent=1270"}],"curies":[{"name":"wp","href":"https:\/\/api.w.org\/{rel}","templated":true}]}}